{"id":1258,"date":"2022-03-22T19:29:25","date_gmt":"2022-03-22T19:29:25","guid":{"rendered":"https:\/\/atelieodontovitha.com.br\/2022\/?page_id=1258"},"modified":"2022-03-25T18:24:07","modified_gmt":"2022-03-25T18:24:07","slug":"implante-dentario","status":"publish","type":"page","link":"https:\/\/atelieodontovitha.com.br\/2022\/implante-dentario\/","title":{"rendered":"Implante dent\u00e1rio"},"content":{"rendered":"<div class=\"wpb-content-wrapper\"><p>[vc_section full_width=&#8221;container-wide&#8221; padding_class=&#8221;wide-120&#8243; parallax_image_attachment=&#8221;inherit&#8221;][vc_row][vc_column][genemy_startup_landing bg=&#8221;https:\/\/atelieodontovitha.com.br\/2022\/wp-content\/uploads\/2022\/03\/implante-dentario1-6-1.jpg&#8221; title=&#8221;IMPLANTE DENT\u00c1RIO&#8221; lead_text=&#8221;RECUPERE SUA MASTIGA\u00c7\u00c3O,<br \/>\nSEU SORRISO E SUA QUALIDADE DE VIDA!&#8221; show_list=&#8221;&#8221; params=&#8221;%5B%7B%22add_link%22%3A%22yes%22%2C%22link_before%22%3A%22*%22%2C%22link_title%22%3A%22AGENDE%20UMA%20CONSULTA!%22%2C%22link_url%22%3A%22https%3A%2F%2Fwa.me%2F5519991977838%22%7D%5D&#8221; title_highlight_text=&#8221;text_underline:none|&#8221; title_font_container=&#8221;text_underline:none|font_size:2rem|&#8221; lead_text_highlight_text=&#8221;text_underline:none|font_size:2rem|&#8221;][\/genemy_startup_landing][\/vc_column][\/vc_row][\/vc_section][vc_section padding_class=&#8221;wide-20&#8243; bg_class=&#8221;bg-lightgrey&#8221; parallax_image_attachment=&#8221;inherit&#8221; el_id=&#8221;especialidades&#8221; css=&#8221;.vc_custom_1648062172063{margin-top: -120px !important;padding-bottom: -50px !important;}&#8221;][vc_row][vc_column][genemy_section_title name=&#8221;Ateli\u00ea Odonto Vitha&#8221; title=&#8221;{Benef\u00edcios}&#8221; subtitle=&#8221;&#8221; underline_color=&#8221;none&#8221;][\/vc_column][\/vc_row][\/vc_section][vc_section][vc_row][vc_column width=&#8221;1\/4&#8243;][genemy_card_box image=&#8221;https:\/\/atelieodontovitha.com.br\/2022\/wp-content\/uploads\/2022\/03\/mastigacao1.jpg&#8221; title=&#8221;Mastiga\u00e7\u00e3o&#8221; animation_delay=&#8221;300&#8243;]A seguran\u00e7a de dentes fixos permite que voc\u00ea coma diversos tipos de alimentos sem medo.[\/genemy_card_box][vc_separator][\/vc_column][vc_column width=&#8221;1\/4&#8243;][genemy_card_box image=&#8221;https:\/\/atelieodontovitha.com.br\/2022\/wp-content\/uploads\/2022\/03\/autoestima.jpg&#8221; title=&#8221;Autoestima&#8221; animation_delay=&#8221;300&#8243;]Um novo sorriso de maneira natural.[\/genemy_card_box][vc_separator][\/vc_column][vc_column width=&#8221;1\/4&#8243;][genemy_card_box image=&#8221;https:\/\/atelieodontovitha.com.br\/2022\/wp-content\/uploads\/2022\/03\/seguranca1.jpg&#8221; title=&#8221;Seguran\u00e7a&#8221; animation_delay=&#8221;300&#8243;]Sorrir sem medo da pr\u00f3tese cair ou sair do lugar.[\/genemy_card_box][vc_separator][\/vc_column][vc_column width=&#8221;1\/4&#8243;][genemy_card_box image=&#8221;https:\/\/atelieodontovitha.com.br\/2022\/wp-content\/uploads\/2022\/03\/conforto1-2.jpg&#8221; title=&#8221;Conforto&#8221; animation_delay=&#8221;300&#8243;]N\u00e3o machuca ou incomoda por ser fixa. N\u00e3o se movimenta como as pr\u00f3teses m\u00f3veis.[\/genemy_card_box][vc_separator][\/vc_column][\/vc_row][\/vc_section][vc_section parallax_image=&#8221;https:\/\/atelieodontovitha.com.br\/2022\/wp-content\/uploads\/2022\/03\/andreialopesodontologia7.jpg&#8221; parallax=&#8221;content-moving&#8221; padding_class=&#8221;wide-40&#8243; bg_class=&#8221;bg-deepgrey&#8221; parallax_image_attachment=&#8221;inherit&#8221; parallax_width=&#8221;50%&#8221; parallax_image_repeat=&#8221;&#8221; parallax_image_position=&#8221;top left&#8221; css=&#8221;.vc_custom_1648062236285{background-position: 0 0 !important;background-repeat: no-repeat !important;}&#8221; el_id=&#8221;espa\u00e7o&#8221;][vc_row][vc_column width=&#8221;1\/2&#8243;][\/vc_column][vc_column width=&#8221;1\/2&#8243; css=&#8221;.vc_custom_1540627677280{padding-left: 30px !important;}&#8221;][vc_row_inner][vc_column_inner][genemy_service_box icon=&#8221;ti-Line-Speech-bubble-1&#8243; title=&#8221;Vamos Conversar?&#8221; subtitle=&#8221;Envie uma mensagem para o nosso WhatsApp&#8221; add_button=&#8221;yes&#8221; btn_url=&#8221;url:https%3A%2F%2Fwa.me%2F5519991977838|title:Clique%20aqui|target:_blank&#8221; button_style=&#8221;btn-yellow&#8221; icon_color=&#8221;dark&#8221; heading_class=&#8221;h5-xl&#8221; underline_color=&#8221;none&#8221; highlight_text_color=&#8221;dark&#8221; subtitle_text_color=&#8221;dark&#8221; css_animation=&#8221;fadeInUp&#8221; animation_delay=&#8221;100&#8243;][\/vc_column_inner][\/vc_row_inner][\/vc_column][\/vc_row][\/vc_section][vc_section bg_class=&#8221;bg-tra&#8221; parallax_image_attachment=&#8221;inherit&#8221; el_id=&#8221;clinica&#8221;][vc_row][vc_column][genemy_section_title name=&#8221;Empresa bem avaliada&#8221; title=&#8221;Depoimentos&#8221; subtitle=&#8221;&#8221; underline_color=&#8221;none&#8221;][vc_column_text]<\/p>\n<p style=\"text-align: center;\"><a href=\"https:\/\/www.google.com\/search?q=Ateli%C3%AA+Odonto+Vitha&amp;rlz=1C1GCEA_enBR922BR922&amp;oq=Ateli%C3%AA+Odonto+Vitha&amp;aqs=chrome..69i57j69i60l3.173j0j7&amp;sourceid=chrome&amp;ie=UTF-8#lrd=0x94c8c90360a32049:0x9e19703444a90f7e,1,,,\" target=\"_blank\" rel=\"noopener\"><strong>Clique aqui para ver todas as avalia\u00e7\u00f5es no Google.<\/strong><\/a><\/p>\n<p>[\/vc_column_text][vc_column_text]<div class=\"ti-widget ti-goog\" data-layout-id=\"13\" data-set-id=\"drop-shadow\" data-pid=\"\" data-language=\"pt\" data-version=\"2\" data-review-target-width=\"275\" data-review-text-mode=\"readmore\" data-pager-autoplay-timeout=\"6\" > <div class=\"ti-widget-container ti-col-4\"> <div class=\"ti-footer source-Google\"> <div class=\"ti-row\"> <div class=\"ti-profile-img\"> <img decoding=\"async\" src=\"https:\/\/lh5.googleusercontent.com\/-ESSdmMDcfEM\/AAAAAAAAAAI\/AAAAAAAAAAA\/lVGdJek55UU\/s160-c-k-mo\/photo.jpg\" srcset=\"https:\/\/lh5.googleusercontent.com\/-ESSdmMDcfEM\/AAAAAAAAAAI\/AAAAAAAAAAA\/lVGdJek55UU\/s160-c-k-mo\/photo.jpg 2x\" alt=\"Ateli\u00ea Odonto Vitha\" loading=\"lazy\" \/> <\/div> <div class=\"ti-profile-details\"> <div class=\"ti-name\"> Ateli\u00ea Odonto Vitha<\/div> <span class=\"ti-stars\"><span class=\"ti-star f\"><\/span><span class=\"ti-star f\"><\/span><span class=\"ti-star f\"><\/span><span class=\"ti-star f\"><\/span><span class=\"ti-star f\"><\/span><\/span> <div class=\"ti-rating-text\"> <span class=\"nowrap\"><strong>50 avalia\u00e7\u00f5es no Google<\/strong><\/span> <\/div> <div class=\"ti-header-write-btn-container\"> <a href=\"http:\/\/search.google.com\/local\/reviews?placeid=ChIJSSCjYAPJyJQRfg-pRDRwGZ4\" class=\"ti-header-write-btn\" role=\"button\" aria-label=\"Escreva um coment\u00e1rio para Google\" target=\"_blank\" rel=\"noopener\" >Escreva sua avalia\u00e7\u00e3o<\/a> <\/div>  <\/div> <\/div> <\/div> <div class=\"ti-reviews-container\"> <div class=\"ti-controls\"> <div class=\"ti-next\" aria-label=\"Pr\u00f3xima avalia\u00e7\u00e3o\" role=\"button\"><\/div> <div class=\"ti-prev\" aria-label=\"Avalia\u00e7\u00e3o anterior\" role=\"button\"><\/div> <\/div> <div class=\"ti-reviews-container-wrapper\">  <div data-empty=\"0\" class=\"ti-review-item source-Google ti-image-layout-thumbnail\" data-id=\"cfcd208495d565ef66e7dff9f98764da\" > <div class=\"ti-inner\"> <div class=\"ti-review-header\"> <div class=\"ti-profile-img\"> <img decoding=\"async\" src=\"https:\/\/lh3.googleusercontent.com\/a\/AATXAJwOatPlhskkxg-v5uCsFn-A8HedafjZzFChj7qr=s120-c-c-rp-w64-h64-mo-br100\" srcset=\"https:\/\/lh3.googleusercontent.com\/a\/AATXAJwOatPlhskkxg-v5uCsFn-A8HedafjZzFChj7qr=s120-c-c-rp-w64-h64-mo-br100 2x\" alt=\"Nancy Terasaka\" loading=\"lazy\" \/> <\/div> <div class=\"ti-profile-details\"> <div class=\"ti-name\"> Nancy Terasaka <\/div> <div class=\"ti-date\">2021-03-30<\/div> <\/div> <\/div> <span class=\"ti-stars\"><span class=\"ti-star f\"><\/span><span class=\"ti-star f\"><\/span><span class=\"ti-star f\"><\/span><span class=\"ti-star f\"><\/span><span class=\"ti-star f\"><\/span><\/span> <div class=\"ti-review-text-container ti-review-content\"><!-- R-CONTENT -->Local limpo e muito organizado, melhor de tudo, o atendimento e carinho da dentista \ud83d\udc96<!-- R-CONTENT --><\/div> <span class=\"ti-read-more\" data-container=\".ti-review-content\" data-collapse-text=\"Esconder\" data-open-text=\"Consulte Mais informa\u00e7\u00e3o\" ><\/span> <\/div> <\/div>  <div data-empty=\"0\" class=\"ti-review-item source-Google ti-image-layout-thumbnail\" data-id=\"cfcd208495d565ef66e7dff9f98764da\" > <div class=\"ti-inner\"> <div class=\"ti-review-header\"> <div class=\"ti-profile-img\"> <img decoding=\"async\" src=\"https:\/\/lh3.googleusercontent.com\/a\/AATXAJx4rPz7S6AxDvDiYtPTRIKMdgORSTl27JwcIIzh=s120-c-c-rp-w64-h64-mo-br100\" srcset=\"https:\/\/lh3.googleusercontent.com\/a\/AATXAJx4rPz7S6AxDvDiYtPTRIKMdgORSTl27JwcIIzh=s120-c-c-rp-w64-h64-mo-br100 2x\" alt=\"Alberto\" loading=\"lazy\" \/> <\/div> <div class=\"ti-profile-details\"> <div class=\"ti-name\"> Alberto <\/div> <div class=\"ti-date\">2021-03-29<\/div> <\/div> <\/div> <span class=\"ti-stars\"><span class=\"ti-star f\"><\/span><span class=\"ti-star f\"><\/span><span class=\"ti-star f\"><\/span><span class=\"ti-star f\"><\/span><span class=\"ti-star f\"><\/span><\/span> <div class=\"ti-review-text-container ti-review-content\"><!-- R-CONTENT -->Otimo atendimento e servico!<!-- R-CONTENT --><\/div> <span class=\"ti-read-more\" data-container=\".ti-review-content\" data-collapse-text=\"Esconder\" data-open-text=\"Consulte Mais informa\u00e7\u00e3o\" ><\/span> <\/div> <\/div>  <div data-empty=\"0\" class=\"ti-review-item source-Google ti-image-layout-thumbnail\" data-id=\"cfcd208495d565ef66e7dff9f98764da\" > <div class=\"ti-inner\"> <div class=\"ti-review-header\"> <div class=\"ti-profile-img\"> <img decoding=\"async\" src=\"https:\/\/lh3.googleusercontent.com\/a\/AATXAJz-SlJKLPQeoQ_PmDvLmMjwrvjYztQIsFeTu37S=s120-c-c-rp-w64-h64-mo-br100\" srcset=\"https:\/\/lh3.googleusercontent.com\/a\/AATXAJz-SlJKLPQeoQ_PmDvLmMjwrvjYztQIsFeTu37S=s120-c-c-rp-w64-h64-mo-br100 2x\" alt=\"lucia helena ribeiro\" loading=\"lazy\" \/> <\/div> <div class=\"ti-profile-details\"> <div class=\"ti-name\"> lucia helena ribeiro <\/div> <div class=\"ti-date\">2021-03-29<\/div> <\/div> <\/div> <span class=\"ti-stars\"><span class=\"ti-star f\"><\/span><span class=\"ti-star f\"><\/span><span class=\"ti-star f\"><\/span><span class=\"ti-star f\"><\/span><span class=\"ti-star f\"><\/span><\/span> <div class=\"ti-review-text-container ti-review-content\"><!-- R-CONTENT -->Excelente atendimento e profissionalismo. Parab\u00e9ns!!!!<!-- R-CONTENT --><\/div> <span class=\"ti-read-more\" data-container=\".ti-review-content\" data-collapse-text=\"Esconder\" data-open-text=\"Consulte Mais informa\u00e7\u00e3o\" ><\/span> <\/div> <\/div>  <div data-empty=\"0\" class=\"ti-review-item source-Google ti-image-layout-thumbnail\" data-id=\"cfcd208495d565ef66e7dff9f98764da\" > <div class=\"ti-inner\"> <div class=\"ti-review-header\"> <div class=\"ti-profile-img\"> <img decoding=\"async\" src=\"https:\/\/lh3.googleusercontent.com\/a-\/AOh14Gjj6oWeCH0E9LoEctuXiMpMVRhDmkDv3QwFwIQVZ8g=s120-c-c-rp-w64-h64-mo-ba2-br100\" srcset=\"https:\/\/lh3.googleusercontent.com\/a-\/AOh14Gjj6oWeCH0E9LoEctuXiMpMVRhDmkDv3QwFwIQVZ8g=s120-c-c-rp-w64-h64-mo-ba2-br100 2x\" alt=\"Isabela Caricari\" loading=\"lazy\" \/> <\/div> <div class=\"ti-profile-details\"> <div class=\"ti-name\"> Isabela Caricari <\/div> <div class=\"ti-date\">2021-03-29<\/div> <\/div> <\/div> <span class=\"ti-stars\"><span class=\"ti-star f\"><\/span><span class=\"ti-star f\"><\/span><span class=\"ti-star f\"><\/span><span class=\"ti-star f\"><\/span><span class=\"ti-star f\"><\/span><\/span> <div class=\"ti-review-text-container ti-review-content\"><!-- R-CONTENT -->Atendimento maravilhoso, sem contar que tem m\u00e3os de fada, super cuidadosa Dr. Andr\u00e9ia \u00e9 excepcional no seu trabalho e super caprichosa. N\u00e3o troco por mais ningu\u00e9m por todo o carinho envolvido nos atendimentos \u2728\u2764\ufe0f\ud83d\ude0a<!-- R-CONTENT --><\/div> <span class=\"ti-read-more\" data-container=\".ti-review-content\" data-collapse-text=\"Esconder\" data-open-text=\"Consulte Mais informa\u00e7\u00e3o\" ><\/span> <\/div> <\/div>  <div data-empty=\"0\" class=\"ti-review-item source-Google ti-image-layout-thumbnail\" data-id=\"cfcd208495d565ef66e7dff9f98764da\" > <div class=\"ti-inner\"> <div class=\"ti-review-header\"> <div class=\"ti-profile-img\"> <img decoding=\"async\" src=\"https:\/\/lh3.googleusercontent.com\/a-\/AOh14Gj5TykboIGaDztGSq3r0hfANzvxVlaz2PaMiK9q1-M=s120-c-c-rp-w64-h64-mo-br100\" srcset=\"https:\/\/lh3.googleusercontent.com\/a-\/AOh14Gj5TykboIGaDztGSq3r0hfANzvxVlaz2PaMiK9q1-M=s120-c-c-rp-w64-h64-mo-br100 2x\" alt=\"Camila Pereira\" loading=\"lazy\" \/> <\/div> <div class=\"ti-profile-details\"> <div class=\"ti-name\"> Camila Pereira <\/div> <div class=\"ti-date\">2021-03-29<\/div> <\/div> <\/div> <span class=\"ti-stars\"><span class=\"ti-star f\"><\/span><span class=\"ti-star f\"><\/span><span class=\"ti-star f\"><\/span><span class=\"ti-star f\"><\/span><span class=\"ti-star f\"><\/span><\/span> <div class=\"ti-review-text-container ti-review-content\"><!-- R-CONTENT -->Excelente<!-- R-CONTENT --><\/div> <span class=\"ti-read-more\" data-container=\".ti-review-content\" data-collapse-text=\"Esconder\" data-open-text=\"Consulte Mais informa\u00e7\u00e3o\" ><\/span> <\/div> <\/div>  <\/div> <div class=\"ti-controls-line\"> <div class=\"dot\"><\/div> <\/div>  <\/div> <\/div> <\/div> [\/vc_column_text][\/vc_column][\/vc_row][\/vc_section][vc_section parallax_image_attachment=&#8221;inherit&#8221; css=&#8221;.vc_custom_1648062092108{padding-bottom: 0px !important;}&#8221; el_id=&#8221;contato&#8221;][vc_row][vc_column width=&#8221;1\/2&#8243;][genemy_section_title name=&#8221;Ateli\u00ea Odonto Vitha&#8221; title=&#8221;Contato&#8221; subtitle=&#8221;&#8221; align=&#8221;left&#8221; underline_color=&#8221;none&#8221;][vc_column_text]<\/p>\n<div class=\"contacts-1 m-bottom-40\">\n<div class=\"contact-box wow animated\">\n<h5 class=\"h5-sm\">ENDERE\u00c7O<\/h5>\n<p><a href=\"https:\/\/g.page\/atelieodontovitha\" target=\"_blank\" rel=\"noopener\">R. Coelho Neto, 336 &#8211; Vila Itapura Campinas &#8211; SP 13023-020<\/a><\/p>\n<\/div>\n<\/div>\n<div class=\"contacts-1 m-bottom-40\">\n<div class=\"contact-box wow animated\">\n<h5 class=\"h5-sm\">TELEFONES<\/h5>\n<p><a href=\"te:32340126\">(19) 3234-0126<\/a> \u2022 <a href=\"https:\/\/api.whatsapp.com\/send?phone=5519991977838\" target=\"_blank\" rel=\"noopener\">(19) 9 9197-7838<\/a><\/p>\n<\/div>\n<\/div>\n<div class=\"contacts-1 m-bottom-40\">\n<div class=\"contact-box wow animated\">\n<h5 class=\"h5-sm\">E-MAIL<\/h5>\n<p><a href=\"mailto:contato@atelieodontovitha.com.br\" target=\"_blank\" rel=\"noopener\">contato@atelieodontovitha.com.br<\/a><\/p>\n<p>&nbsp;<\/p>\n<h5>SIGA NAS REDES SOCIAIS<\/h5>\n<p><a href=\"https:\/\/www.facebook.com\/Ateli%C3%AA-Odonto-Vitha-107544304711926\/\"><img loading=\"lazy\" decoding=\"async\" class=\"alignnone wp-image-1219\" src=\"https:\/\/atelieodontovitha.com.br\/2022\/wp-content\/uploads\/2022\/03\/104498_facebook_icon-300x300.png\" alt=\"facebook\" width=\"35\" height=\"35\" srcset=\"https:\/\/atelieodontovitha.com.br\/2022\/wp-content\/uploads\/2022\/03\/104498_facebook_icon-300x300.png 300w, https:\/\/atelieodontovitha.com.br\/2022\/wp-content\/uploads\/2022\/03\/104498_facebook_icon-150x150.png 150w, https:\/\/atelieodontovitha.com.br\/2022\/wp-content\/uploads\/2022\/03\/104498_facebook_icon-500x500.png 500w, https:\/\/atelieodontovitha.com.br\/2022\/wp-content\/uploads\/2022\/03\/104498_facebook_icon-400x400.png 400w, https:\/\/atelieodontovitha.com.br\/2022\/wp-content\/uploads\/2022\/03\/104498_facebook_icon.png 512w\" sizes=\"auto, (max-width: 35px) 100vw, 35px\" \/><\/a> <a href=\"https:\/\/www.instagram.com\/atelie_odontovitha\/\"><img loading=\"lazy\" decoding=\"async\" class=\"alignnone wp-image-1220\" src=\"https:\/\/atelieodontovitha.com.br\/2022\/wp-content\/uploads\/2022\/03\/1161953_instagram_icon-300x300.png\" alt=\"\" width=\"35\" height=\"35\" srcset=\"https:\/\/atelieodontovitha.com.br\/2022\/wp-content\/uploads\/2022\/03\/1161953_instagram_icon-300x300.png 300w, https:\/\/atelieodontovitha.com.br\/2022\/wp-content\/uploads\/2022\/03\/1161953_instagram_icon-150x150.png 150w, https:\/\/atelieodontovitha.com.br\/2022\/wp-content\/uploads\/2022\/03\/1161953_instagram_icon-500x500.png 500w, https:\/\/atelieodontovitha.com.br\/2022\/wp-content\/uploads\/2022\/03\/1161953_instagram_icon-400x400.png 400w, https:\/\/atelieodontovitha.com.br\/2022\/wp-content\/uploads\/2022\/03\/1161953_instagram_icon.png 512w\" sizes=\"auto, (max-width: 35px) 100vw, 35px\" \/><\/a><\/p>\n<\/div>\n<\/div>\n<p>[\/vc_column_text][\/vc_column][vc_column width=&#8221;1\/2&#8243;][vc_empty_space][vc_raw_html]JTNDaWZyYW1lJTIwc3JjJTNEJTIyaHR0cHMlM0ElMkYlMkZ3d3cuZ29vZ2xlLmNvbSUyRm1hcHMlMkZlbWJlZCUzRnBiJTNEJTIxMW0xNCUyMTFtOCUyMTFtMyUyMTFkMTgzNy43NDAzOTE0NTY3OSUyMTJkLTQ3LjA2MTc0MiUyMTNkLTIyLjg5NTYzMSUyMTNtMiUyMTFpMTAyNCUyMTJpNzY4JTIxNGYxMy4xJTIxM20zJTIxMW0yJTIxMXMweDk0YzhjOGFiOGE2ZDUyMmQlMjUzQTB4MTBmYTdkNDI2MGYwYzBiYSUyMTJzUi4lMjUyMENvZWxobyUyNTIwTmV0byUyNTJDJTI1MjAzMzYlMjUyMC0lMjUyMFZpbGElMjUyMEl0YXB1cmElMjUyQyUyNTIwQ2FtcGluYXMlMjUyMC0lMjUyMFNQJTI1MkMlMjUyMDEzMDIzLTAyMCUyNTJDJTI1MjBCcmFzaWwlMjE1ZTAlMjEzbTIlMjExc3B0LUJSJTIxMnN1cyUyMTR2MTY0NzgxNzA0MDc3NCUyMTVtMiUyMTFzcHQtQlIlMjEyc3VzJTIyJTIwd2lkdGglM0QlMjI2MDAlMjIlMjBoZWlnaHQlM0QlMjI0NTAlMjIlMjBzdHlsZSUzRCUyMmJvcmRlciUzQTAlM0IlMjIlMjBhbGxvd2Z1bGxzY3JlZW4lM0QlMjIlMjIlMjBsb2FkaW5nJTNEJTIybGF6eSUyMiUzRSUzQyUyRmlmcmFtZSUzRQ==[\/vc_raw_html][\/vc_column][\/vc_row][vc_row full_width=&#8221;stretch_row&#8221; css=&#8221;.vc_custom_1647891781130{background-color: #f0f0f0 !important;}&#8221;][vc_column][genemy_section_title name=&#8221;Preencha o Formul\u00e1rio&#8221; title=&#8221;Fale Conosco&#8221; subtitle=&#8221;&#8221; underline_color=&#8221;none&#8221;]\n<div class=\"wpcf7 no-js\" id=\"wpcf7-f1238-o1\" lang=\"en-US\" dir=\"ltr\" data-wpcf7-id=\"1238\">\n<div class=\"screen-reader-response\"><p role=\"status\" aria-live=\"polite\" aria-atomic=\"true\"><\/p> <ul><\/ul><\/div>\n<form action=\"\/2022\/wp-json\/wp\/v2\/pages\/1258#wpcf7-f1238-o1\" method=\"post\" class=\"wpcf7-form init\" aria-label=\"Contact form\" novalidate=\"novalidate\" data-status=\"init\">\n<div style=\"display: none;\">\n<input type=\"hidden\" name=\"_wpcf7\" value=\"1238\" \/>\n<input type=\"hidden\" name=\"_wpcf7_version\" value=\"6.0.6\" \/>\n<input type=\"hidden\" name=\"_wpcf7_locale\" value=\"en_US\" \/>\n<input type=\"hidden\" name=\"_wpcf7_unit_tag\" value=\"wpcf7-f1238-o1\" \/>\n<input type=\"hidden\" name=\"_wpcf7_container_post\" value=\"0\" \/>\n<input type=\"hidden\" name=\"_wpcf7_posted_data_hash\" value=\"\" \/>\n<\/div>\n<div class=\"form-holder ind-20\">\n\t<div  class=\"row contact-form contact-form-2\">\n\t\t<div id=\"input-name\" class=\"col-lg-12\">\n\t\t\t<p><span class=\"wpcf7-form-control-wrap\" data-name=\"your-name\"><input size=\"40\" maxlength=\"400\" class=\"wpcf7-form-control wpcf7-text wpcf7-validates-as-required form-control name\" aria-required=\"true\" aria-invalid=\"false\" placeholder=\"Nome\" value=\"\" type=\"text\" name=\"your-name\" \/><\/span>\n\t\t\t<\/p>\n\t\t<\/div>\n\t\t<div id=\"input-subject\" class=\"col-lg-12\">\n\t\t\t<p><span class=\"wpcf7-form-control-wrap\" data-name=\"your-subject\"><input size=\"40\" maxlength=\"400\" class=\"wpcf7-form-control wpcf7-text form-control subject\" aria-invalid=\"false\" placeholder=\"Celular\" value=\"\" type=\"text\" name=\"your-subject\" \/><\/span>\n\t\t\t<\/p>\n\t\t<\/div>\n\t\t<div id=\"input-message\" class=\"col-lg-12 input-message\">\n\t\t\t<p><span class=\"wpcf7-form-control-wrap\" data-name=\"message\"><textarea cols=\"40\" rows=\"10\" maxlength=\"2000\" class=\"wpcf7-form-control wpcf7-textarea wpcf7-validates-as-required form-control message\" aria-required=\"true\" aria-invalid=\"false\" placeholder=\"Mensagem\" name=\"message\"><\/textarea><\/span>\n\t\t\t<\/p>\n\t\t<\/div>\n\t\t<div class=\"col-lg-12 m-top-10 form-btn\">\n\t\t\t<p><button type=\"submit\" class=\"btn btn-md submit btn-arrow wpcf7-form-control wpcf7-submit\"><span>ENVIAR <i class=\"fas fa-angle-double-right\"><\/i><\/span><\/button>\n\t\t\t<\/p>\n\t\t<\/div>\n\t\t<div class=\"col-lg-12 contact-form-msg\">\n\t\t<div class=\"wpcf7-response-output\" aria-hidden=\"true\"><\/div>\n\t\t<\/div>\n\t<\/div>\n<\/div>\n<\/form>\n<\/div>\n[\/vc_column][\/vc_row][\/vc_section]<\/p>\n<\/div>","protected":false},"excerpt":{"rendered":"<p>[vc_section full_width=&#8221;container-wide&#8221; padding_class=&#8221;wide-120&#8243; parallax_image_attachment=&#8221;inherit&#8221;][vc_row][vc_column][genemy_startup_landing bg=&#8221;https:\/\/atelieodontovitha.com.br\/2022\/wp-content\/uploads\/2022\/03\/implante-dentario1-6-1.jpg&#8221; title=&#8221;IMPLANTE DENT\u00c1RIO&#8221; lead_text=&#8221;RECUPERE SUA MASTIGA\u00c7\u00c3O, SEU SORRISO E SUA QUALIDADE DE VIDA!&#8221; show_list=&#8221;&#8221; params=&#8221;%5B%7B%22add_link%22%3A%22yes%22%2C%22link_before%22%3A%22*%22%2C%22link_title%22%3A%22AGENDE%20UMA%20CONSULTA!%22%2C%22link_url%22%3A%22https%3A%2F%2Fwa.me%2F5519991977838%22%7D%5D&#8221; title_highlight_text=&#8221;text_underline:none|&#8221; title_font_container=&#8221;text_underline:none|font_size:2rem|&#8221; lead_text_highlight_text=&#8221;text_underline:none|font_size:2rem|&#8221;][\/genemy_startup_landing][\/vc_column][\/vc_row][\/vc_section][vc_section padding_class=&#8221;wide-20&#8243; bg_class=&#8221;bg-lightgrey&#8221; parallax_image_attachment=&#8221;inherit&#8221; el_id=&#8221;especialidades&#8221; css=&#8221;.vc_custom_1648062172063{margin-top: -120px !important;padding-bottom: -50px !important;}&#8221;][vc_row][vc_column][genemy_section_title name=&#8221;Ateli\u00ea Odonto Vitha&#8221; title=&#8221;{Benef\u00edcios}&#8221; subtitle=&#8221;&#8221; underline_color=&#8221;none&#8221;][\/vc_column][\/vc_row][\/vc_section][vc_section][vc_row][vc_column width=&#8221;1\/4&#8243;][genemy_card_box image=&#8221;https:\/\/atelieodontovitha.com.br\/2022\/wp-content\/uploads\/2022\/03\/mastigacao1.jpg&#8221; title=&#8221;Mastiga\u00e7\u00e3o&#8221;&#8230;<\/p>\n","protected":false},"author":1,"featured_media":0,"parent":0,"menu_order":0,"comment_status":"closed","ping_status":"closed","template":"templates\/onepage-template.php","meta":{"footnotes":""},"class_list":["post-1258","page","type-page","status-publish","hentry","no-post-thumbnail"],"post_mailing_queue_ids":[],"_links":{"self":[{"href":"https:\/\/atelieodontovitha.com.br\/2022\/wp-json\/wp\/v2\/pages\/1258","targetHints":{"allow":["GET"]}}],"collection":[{"href":"https:\/\/atelieodontovitha.com.br\/2022\/wp-json\/wp\/v2\/pages"}],"about":[{"href":"https:\/\/atelieodontovitha.com.br\/2022\/wp-json\/wp\/v2\/types\/page"}],"author":[{"embeddable":true,"href":"https:\/\/atelieodontovitha.com.br\/2022\/wp-json\/wp\/v2\/users\/1"}],"replies":[{"embeddable":true,"href":"https:\/\/atelieodontovitha.com.br\/2022\/wp-json\/wp\/v2\/comments?post=1258"}],"version-history":[{"count":13,"href":"https:\/\/atelieodontovitha.com.br\/2022\/wp-json\/wp\/v2\/pages\/1258\/revisions"}],"predecessor-version":[{"id":1378,"href":"https:\/\/atelieodontovitha.com.br\/2022\/wp-json\/wp\/v2\/pages\/1258\/revisions\/1378"}],"wp:attachment":[{"href":"https:\/\/atelieodontovitha.com.br\/2022\/wp-json\/wp\/v2\/media?parent=1258"}],"curies":[{"name":"wp","href":"https:\/\/api.w.org\/{rel}","templated":true}]}}